{"id":135,"date":"2023-06-27T11:49:01","date_gmt":"2023-06-27T09:49:01","guid":{"rendered":"http:\/\/professionnel.pharmaciedetohannic.fr\/?page_id=135"},"modified":"2024-03-20T11:33:18","modified_gmt":"2024-03-20T10:33:18","slug":"veterinaire","status":"publish","type":"page","link":"https:\/\/professionnel.pharmaciedetohannic.fr\/index.php\/veterinaire\/","title":{"rendered":"V\u00e9t\u00e9rinaire"},"content":{"rendered":"<p>[et_pb_section fb_built=&#8221;1&#8243; admin_label=&#8221;Header&#8221; _builder_version=&#8221;4.21.0&#8243; _module_preset=&#8221;default&#8221; use_background_color_gradient=&#8221;on&#8221; background_color_gradient_stops=&#8221;rgba(31,35,44,0.7) 0%|gcid-9fa4a1b6-767d-41ca-984c-a6f10449c843 100%&#8221; background_color_gradient_overlays_image=&#8221;on&#8221; background_image=&#8221;https:\/\/professionnel.pharmaciedetohannic.fr\/wp-content\/uploads\/2023\/06\/10112017-_MG_0239-scaled-1-1.jpg&#8221; locked=&#8221;off&#8221; collapsed=&#8221;on&#8221; global_colors_info=&#8221;{%22gcid-9fa4a1b6-767d-41ca-984c-a6f10449c843%22:%91%22background_color_gradient_stops%22%93}&#8221;][et_pb_row _builder_version=&#8221;4.20.0&#8243; _module_preset=&#8221;default&#8221; global_colors_info=&#8221;{}&#8221;][et_pb_column type=&#8221;4_4&#8243; _builder_version=&#8221;4.20.0&#8243; _module_preset=&#8221;default&#8221; global_colors_info=&#8221;{}&#8221;][et_pb_text _builder_version=&#8221;4.21.0&#8243; _module_preset=&#8221;40bab068-3708-4768-a068-375dde7b4646&#8243; header_4_text_color=&#8221;gcid-2f3f3e09-0a26-4ea7-8906-5e1128945e3f&#8221; text_orientation=&#8221;center&#8221; custom_margin=&#8221;||10px||false|false&#8221; global_colors_info=&#8221;{%22gcid-2f3f3e09-0a26-4ea7-8906-5e1128945e3f%22:%91%22header_4_text_color%22%93}&#8221;]<\/p>\n<h4>pr\u00e9paration magistrale<\/h4>\n<p>[\/et_pb_text][et_pb_image src=&#8221;https:\/\/professionnel.pharmaciedetohannic.fr\/wp-content\/uploads\/2023\/06\/attorney-1.png&#8221; title_text=&#8221;attorney-1&#8243; _builder_version=&#8221;4.20.0&#8243; _module_preset=&#8221;default&#8221; max_width=&#8221;130px&#8221; module_alignment=&#8221;center&#8221; global_colors_info=&#8221;{}&#8221;][\/et_pb_image][et_pb_text _builder_version=&#8221;4.21.0&#8243; _module_preset=&#8221;83f1efb2-1614-46f6-afa8-1221acd6a053&#8243; header_font=&#8221;Roboto|||on|||||&#8221; header_text_color=&#8221;#E09900&#8243; text_orientation=&#8221;center&#8221; global_colors_info=&#8221;{}&#8221;]<\/p>\n<h1>v\u00e9t\u00e9rinaire<\/h1>\n<p>[\/et_pb_text][\/et_pb_column][\/et_pb_row][\/et_pb_section][et_pb_section fb_built=&#8221;1&#8243; admin_label=&#8221;Service Info&#8221; _builder_version=&#8221;4.20.0&#8243; _module_preset=&#8221;default&#8221; background_color=&#8221;gcid-9fa4a1b6-767d-41ca-984c-a6f10449c843&#8243; collapsed=&#8221;on&#8221; global_colors_info=&#8221;{%22gcid-9fa4a1b6-767d-41ca-984c-a6f10449c843%22:%91%22background_color%22%93}&#8221;][et_pb_row custom_padding_last_edited=&#8221;on|desktop&#8221; _builder_version=&#8221;4.20.0&#8243; _module_preset=&#8221;default&#8221; custom_padding=&#8221;30px|60px|30px|60px|true|true&#8221; custom_padding_tablet=&#8221;|40px||40px|false|true&#8221; custom_padding_phone=&#8221;20px|20px|20px|20px|true|true&#8221; border_color_all=&#8221;gcid-11d3dbbb-f6dc-4fb8-929b-9d6994368d00&#8243; border_width_left=&#8221;5px&#8221; global_colors_info=&#8221;{%22gcid-11d3dbbb-f6dc-4fb8-929b-9d6994368d00%22:%91%22border_color_all%22%93}&#8221;][et_pb_column type=&#8221;4_4&#8243; _builder_version=&#8221;4.20.0&#8243; _module_preset=&#8221;default&#8221; global_colors_info=&#8221;{}&#8221;][et_pb_text _builder_version=&#8221;4.21.0&#8243; _module_preset=&#8221;774b6ae4-e015-4f7c-b59a-ed7b8de1b7d7&#8243; header_3_font=&#8221;Roboto|700||on|||||&#8221; header_3_text_color=&#8221;#E09900&#8243; global_colors_info=&#8221;{}&#8221;]<\/p>\n<h3>pourquoi le pr\u00e9paratoire de tohannic ?<\/h3>\n<p>[\/et_pb_text][et_pb_text _builder_version=&#8221;4.21.0&#8243; _module_preset=&#8221;65598b07-32dc-490b-bf42-0ea57a4d71fd&#8221; text_text_color=&#8221;#FFFFFF&#8221; global_colors_info=&#8221;{}&#8221;]<\/p>\n<p>Nous r\u00e9alisons quotidiennement de nombreuses pr\u00e9parations \u00e0 usage v\u00e9t\u00e9rinaire et nous avons adapt\u00e9 notre savoir faire pour \u00eatre au plus pr\u00e8s des besoins de nos patients v\u00e9t\u00e9rinaires et des attentes de leurs prescripteurs.<\/p>\n<p>[\/et_pb_text][\/et_pb_column][\/et_pb_row][et_pb_row _builder_version=&#8221;4.20.0&#8243; _module_preset=&#8221;default&#8221; global_colors_info=&#8221;{}&#8221;][et_pb_column type=&#8221;4_4&#8243; _builder_version=&#8221;4.20.0&#8243; _module_preset=&#8221;default&#8221; global_colors_info=&#8221;{}&#8221;][et_pb_image src=&#8221;https:\/\/professionnel.pharmaciedetohannic.fr\/wp-content\/uploads\/2023\/06\/MG_3318-scaled.jpg&#8221; title_text=&#8221;_MG_3318&#8243; _builder_version=&#8221;4.21.0&#8243; _module_preset=&#8221;default&#8221; global_colors_info=&#8221;{}&#8221;][\/et_pb_image][\/et_pb_column][\/et_pb_row][et_pb_row column_structure=&#8221;1_4,3_4&#8243; _builder_version=&#8221;4.20.0&#8243; _module_preset=&#8221;default&#8221; global_colors_info=&#8221;{}&#8221;][et_pb_column type=&#8221;1_4&#8243; _builder_version=&#8221;4.20.0&#8243; _module_preset=&#8221;default&#8221; global_colors_info=&#8221;{}&#8221;][et_pb_text _builder_version=&#8221;4.21.0&#8243; _module_preset=&#8221;9cd8076b-4456-499f-8f51-48e684f214a8&#8243; header_4_font=&#8221;Roboto|700||on|||||&#8221; header_4_text_color=&#8221;#E09900&#8243; locked=&#8221;off&#8221; global_colors_info=&#8221;{}&#8221;]<\/p>\n<h4>nos points forts<\/h4>\n<p>[\/et_pb_text][\/et_pb_column][et_pb_column type=&#8221;3_4&#8243; _builder_version=&#8221;4.20.0&#8243; _module_preset=&#8221;default&#8221; global_colors_info=&#8221;{}&#8221;][et_pb_blurb title=&#8221;contr\u00f4le des posologies&#8221; use_icon=&#8221;on&#8221; font_icon=&#8221;&#x4e;||divi||400&#8243; icon_color=&#8221;#FFFFFF&#8221; image_icon_background_color=&#8221;#E09900&#8243; _builder_version=&#8221;4.21.0&#8243; _module_preset=&#8221;5409fbb4-0443-493b-ab12-a09532d52d6c&#8221; body_text_color=&#8221;#FFFFFF&#8221; custom_margin=&#8221;||20px||false|false&#8221; locked=&#8221;off&#8221; global_colors_info=&#8221;{}&#8221;]<\/p>\n<p><span>Avant chaque r\u00e9alisation, la posologie est contr\u00f4l\u00e9e gr\u00e2ce aux connaissances sp\u00e9cifiques de notre \u00e9quipe, ainsi qu\u2019\u00e0 des ouvrages de r\u00e9f\u00e9rence. Cela permet de s\u00e9curiser la d\u00e9livrance des pr\u00e9parations, comme nous le faisons pour des pr\u00e9parations \u00e0 destination de nos patients humains.<\/span><\/p>\n<p>[\/et_pb_blurb][et_pb_blurb title=&#8221;choix des excipients&#8221; use_icon=&#8221;on&#8221; font_icon=&#8221;&#x4e;||divi||400&#8243; icon_color=&#8221;#FFFFFF&#8221; image_icon_background_color=&#8221;#E09900&#8243; _builder_version=&#8221;4.21.0&#8243; _module_preset=&#8221;5409fbb4-0443-493b-ab12-a09532d52d6c&#8221; body_text_color=&#8221;#FFFFFF&#8221; custom_margin=&#8221;||20px||false|false&#8221; locked=&#8221;off&#8221; global_colors_info=&#8221;{}&#8221;]<\/p>\n<p><span>Nous avons fait le choix de n\u2019utiliser comme excipient que de la cellulose afin de limiter tout risque d\u2019intol\u00e9rance au lactose, ou l\u2019influence de celui-ci sur une pathologie existante.<\/span><\/p>\n<p>[\/et_pb_blurb][et_pb_blurb title=&#8221;stylos transdermiques&#8221; use_icon=&#8221;on&#8221; font_icon=&#8221;&#x4e;||divi||400&#8243; icon_color=&#8221;#FFFFFF&#8221; image_icon_background_color=&#8221;#E09900&#8243; _builder_version=&#8221;4.21.0&#8243; _module_preset=&#8221;5409fbb4-0443-493b-ab12-a09532d52d6c&#8221; body_text_color=&#8221;#FFFFFF&#8221; custom_margin=&#8221;||20px||false|false&#8221; locked=&#8221;off&#8221; global_colors_info=&#8221;{}&#8221;]<\/p>\n<p><span>Nous proposons la r\u00e9alisation de stylos transdermiques pour plusieurs mol\u00e9cules d\u2019usage courant chez le chat : un moyen indolore d\u2019am\u00e9liorer l\u2019observance.<\/span><\/p>\n<p>[\/et_pb_blurb][et_pb_button button_url=&#8221;@ET-DC@eyJkeW5hbWljIjp0cnVlLCJjb250ZW50IjoicG9zdF9saW5rX3VybF9hdHRhY2htZW50Iiwic2V0dGluZ3MiOnsicG9zdF9pZCI6IjI2NyJ9fQ==@&#8221; button_text=&#8221;T\u00e9l\u00e9charger la liste des mol\u00e9cules r\u00e9alisables en stylo&#8221; _builder_version=&#8221;4.21.0&#8243; _dynamic_attributes=&#8221;button_url&#8221; _module_preset=&#8221;default&#8221; custom_button=&#8221;on&#8221; button_text_size=&#8221;17px&#8221; button_text_color=&#8221;#FFFFFF&#8221; button_bg_color=&#8221;#E09900&#8243; button_border_color=&#8221;RGBA(255,255,255,0)&#8221; button_border_radius=&#8221;100px&#8221; button_font=&#8221;|700|on|on|||||&#8221; global_colors_info=&#8221;{}&#8221;][\/et_pb_button][\/et_pb_column][\/et_pb_row][\/et_pb_section][et_pb_section fb_built=&#8221;1&#8243; admin_label=&#8221;Case Studies&#8221; _builder_version=&#8221;4.20.0&#8243; _module_preset=&#8221;default&#8221; background_color=&#8221;gcid-2f3f3e09-0a26-4ea7-8906-5e1128945e3f&#8221; collapsed=&#8221;off&#8221; global_colors_info=&#8221;{%22gcid-2f3f3e09-0a26-4ea7-8906-5e1128945e3f%22:%91%22background_color%22%93}&#8221;][et_pb_row _builder_version=&#8221;4.20.0&#8243; _module_preset=&#8221;default&#8221; global_colors_info=&#8221;{}&#8221;][et_pb_column type=&#8221;4_4&#8243; _builder_version=&#8221;4.20.0&#8243; _module_preset=&#8221;default&#8221; global_colors_info=&#8221;{}&#8221;][et_pb_text _builder_version=&#8221;4.21.0&#8243; _module_preset=&#8221;25776793-470e-4568-a9d2-407ba1907bae&#8221; header_2_font=&#8221;Roboto|||on|||||&#8221; global_colors_info=&#8221;{}&#8221;]<\/p>\n<h2>travailler ensemble<\/h2>\n<p>[\/et_pb_text][et_pb_button button_text=&#8221;Devenir client&#8221; _builder_version=&#8221;4.24.2&#8243; _module_preset=&#8221;default&#8221; custom_button=&#8221;on&#8221; button_text_color=&#8221;#FFFFFF&#8221; button_bg_color=&#8221;#E09900&#8243; button_bg_enable_color=&#8221;on&#8221; button_border_color=&#8221;RGBA(255,255,255,0)&#8221; button_border_radius=&#8221;100px&#8221; hover_enabled=&#8221;0&#8243; sticky_enabled=&#8221;0&#8243; button_font=&#8221;Roboto|700||on|||||&#8221; button_icon=&#8221;&#xe046;||divi||400&#8243; button_icon_placement=&#8221;left&#8221; button_letter_spacing=&#8221;5px&#8221; button_url=&#8221;@ET-DC@eyJkeW5hbWljIjp0cnVlLCJjb250ZW50IjoicG9zdF9saW5rX3VybF9wYWdlIiwic2V0dGluZ3MiOnsicG9zdF9pZCI6IjI3NiJ9fQ==@&#8221; _dynamic_attributes=&#8221;button_url&#8221; locked=&#8221;off&#8221;][\/et_pb_button][\/et_pb_column][\/et_pb_row][et_pb_row column_structure=&#8221;1_3,1_3,1_3&#8243; _builder_version=&#8221;4.20.0&#8243; _module_preset=&#8221;default&#8221; global_colors_info=&#8221;{}&#8221;][et_pb_column type=&#8221;1_3&#8243; _builder_version=&#8221;4.20.0&#8243; _module_preset=&#8221;default&#8221; custom_padding_tablet=&#8221;||30px||false|false&#8221; custom_padding_phone=&#8221;||30px||false|false&#8221; custom_padding_last_edited=&#8221;on|tablet&#8221; global_colors_info=&#8221;{}&#8221;][et_pb_text _builder_version=&#8221;4.21.0&#8243; _module_preset=&#8221;5d2500c2-e3ba-4e6c-b2d0-b27b36465082&#8243; custom_margin=&#8221;||20px||false|false&#8221; global_colors_info=&#8221;{}&#8221;]<\/p>\n<h5>contrat<\/h5>\n<p>[\/et_pb_text][et_pb_text _builder_version=&#8221;4.21.0&#8243; _module_preset=&#8221;65598b07-32dc-490b-bf42-0ea57a4d71fd&#8221; global_colors_info=&#8221;{}&#8221;]<\/p>\n<p style=\"text-align: justify;\"><span>T\u00e9l\u00e9chargez le contrat de sous-traitance en cliquant sur le bouton ci-dessous et retournez-le accompagn\u00e9 des documents demand\u00e9s par mail ou fax<\/span><\/p>\n<p>[\/et_pb_text][et_pb_button button_url=&#8221;https:\/\/professionnel.pharmaciedetohannic.fr\/wp-content\/uploads\/2023\/06\/Contrat-de-sous-traitance_vet_def2023.pdf&#8221; url_new_window=&#8221;on&#8221; button_text=&#8221;t\u00e9l\u00e9charger&#8221; _builder_version=&#8221;4.21.0&#8243; _module_preset=&#8221;2226b16a-29be-4889-9ce9-52f719347042&#8243; button_text_color=&#8221;#FFFFFF&#8221; button_bg_color=&#8221;#E09900&#8243; button_border_color=&#8221;#E09900&#8243; button_font=&#8221;Roboto|800||on|||||&#8221; global_colors_info=&#8221;{}&#8221;][\/et_pb_button][\/et_pb_column][et_pb_column type=&#8221;1_3&#8243; _builder_version=&#8221;4.20.0&#8243; _module_preset=&#8221;default&#8221; custom_padding_tablet=&#8221;||30px||false|false&#8221; custom_padding_phone=&#8221;||30px||false|false&#8221; custom_padding_last_edited=&#8221;on|tablet&#8221; global_colors_info=&#8221;{}&#8221;][et_pb_text _builder_version=&#8221;4.21.0&#8243; _module_preset=&#8221;5d2500c2-e3ba-4e6c-b2d0-b27b36465082&#8243; custom_margin=&#8221;||20px||false|false&#8221; global_colors_info=&#8221;{}&#8221;]<\/p>\n<h5>d\u00e9lais<\/h5>\n<p>[\/et_pb_text][et_pb_text _builder_version=&#8221;4.21.0&#8243; _module_preset=&#8221;65598b07-32dc-490b-bf42-0ea57a4d71fd&#8221; global_colors_info=&#8221;{}&#8221;]<\/p>\n<p style=\"text-align: justify;\">Les commandes sont exp\u00e9di\u00e9es sous 48h maximum. En cas d&#8217;urgence, nous contacter par t\u00e9l\u00e9phone afin d\u2019organiser un traitement plus rapide.<\/p>\n<p>[\/et_pb_text][et_pb_button button_url=&#8221;tel:0297473737&#8243; button_text=&#8221;02 97 47 37 37&#8243; _builder_version=&#8221;4.21.0&#8243; _module_preset=&#8221;2226b16a-29be-4889-9ce9-52f719347042&#8243; button_text_color=&#8221;#FFFFFF&#8221; button_bg_color=&#8221;#E09900&#8243; button_border_color=&#8221;#E09900&#8243; button_font=&#8221;Roboto|800||on|||||&#8221; global_colors_info=&#8221;{}&#8221;][\/et_pb_button][\/et_pb_column][et_pb_column type=&#8221;1_3&#8243; _builder_version=&#8221;4.20.0&#8243; _module_preset=&#8221;default&#8221; global_colors_info=&#8221;{}&#8221;][et_pb_text _builder_version=&#8221;4.21.0&#8243; _module_preset=&#8221;5d2500c2-e3ba-4e6c-b2d0-b27b36465082&#8243; custom_margin=&#8221;||20px||false|false&#8221; global_colors_info=&#8221;{}&#8221;]<\/p>\n<h5>SUIVI<\/h5>\n<p>[\/et_pb_text][et_pb_text _builder_version=&#8221;4.21.0&#8243; _module_preset=&#8221;65598b07-32dc-490b-bf42-0ea57a4d71fd&#8221; global_colors_info=&#8221;{}&#8221;]<\/p>\n<p style=\"text-align: justify;\">Vous recevez un mail de confirmation lors du premier contr\u00f4le et un second \u00e0 la lib\u00e9ration vous notifiant de l\u2019exp\u00e9dition de votre commande.<\/p>\n<p>[\/et_pb_text][\/et_pb_column][\/et_pb_row][et_pb_row _builder_version=&#8221;4.21.0&#8243; _module_preset=&#8221;default&#8221; global_colors_info=&#8221;{}&#8221;][et_pb_column type=&#8221;4_4&#8243; _builder_version=&#8221;4.21.0&#8243; _module_preset=&#8221;default&#8221; global_colors_info=&#8221;{}&#8221;][et_pb_text _builder_version=&#8221;4.21.0&#8243; _module_preset=&#8221;default&#8221; header_3_font=&#8221;|700||on|||||&#8221; header_3_text_color=&#8221;#E09900&#8243; global_colors_info=&#8221;{}&#8221;]<\/p>\n<h3>documents utiles<\/h3>\n<p>[\/et_pb_text][et_pb_text _builder_version=&#8221;4.21.0&#8243; _module_preset=&#8221;default&#8221; text_font_size=&#8221;16px&#8221; global_colors_info=&#8221;{}&#8221;]<\/p>\n<p>Retrouvez en un clic tous les documents pour notre collaboration<\/p>\n<p>[\/et_pb_text][\/et_pb_column][\/et_pb_row][et_pb_row column_structure=&#8221;1_3,1_3,1_3&#8243; _builder_version=&#8221;4.20.0&#8243; _module_preset=&#8221;default&#8221; global_colors_info=&#8221;{}&#8221;][et_pb_column type=&#8221;1_3&#8243; _builder_version=&#8221;4.20.0&#8243; _module_preset=&#8221;default&#8221; custom_padding_tablet=&#8221;||30px||false|false&#8221; custom_padding_phone=&#8221;||30px||false|false&#8221; custom_padding_last_edited=&#8221;on|tablet&#8221; global_colors_info=&#8221;{}&#8221;][et_pb_text _builder_version=&#8221;4.21.0&#8243; _module_preset=&#8221;5d2500c2-e3ba-4e6c-b2d0-b27b36465082&#8243; custom_margin=&#8221;||20px||false|false&#8221; global_colors_info=&#8221;{}&#8221;]<\/p>\n<h5>bon de commande<\/h5>\n<p>[\/et_pb_text][et_pb_button button_url=&#8221;https:\/\/professionnel.pharmaciedetohannic.fr\/wp-content\/uploads\/2023\/06\/Bon-de-commande_vet.pdf&#8221; url_new_window=&#8221;on&#8221; button_text=&#8221;t\u00e9l\u00e9charger&#8221; _builder_version=&#8221;4.21.0&#8243; _module_preset=&#8221;2226b16a-29be-4889-9ce9-52f719347042&#8243; button_text_color=&#8221;#FFFFFF&#8221; button_bg_color=&#8221;#E09900&#8243; button_border_color=&#8221;#E09900&#8243; button_font=&#8221;Roboto|800||on|||||&#8221; global_colors_info=&#8221;{}&#8221;][\/et_pb_button][\/et_pb_column][et_pb_column type=&#8221;1_3&#8243; _builder_version=&#8221;4.20.0&#8243; _module_preset=&#8221;default&#8221; custom_padding_tablet=&#8221;||30px||false|false&#8221; custom_padding_phone=&#8221;||30px||false|false&#8221; custom_padding_last_edited=&#8221;on|tablet&#8221; global_colors_info=&#8221;{}&#8221;][et_pb_text _builder_version=&#8221;4.21.0&#8243; _module_preset=&#8221;5d2500c2-e3ba-4e6c-b2d0-b27b36465082&#8243; custom_margin=&#8221;||20px||false|false&#8221; global_colors_info=&#8221;{}&#8221;]<\/p>\n<h5>carte m\u00e9mo<\/h5>\n<p>[\/et_pb_text][et_pb_button button_url=&#8221;https:\/\/professionnel.pharmaciedetohannic.fr\/wp-content\/uploads\/2023\/06\/Carte-veto.pdf&#8221; button_text=&#8221;t\u00e9l\u00e9charger&#8221; _builder_version=&#8221;4.21.0&#8243; _module_preset=&#8221;2226b16a-29be-4889-9ce9-52f719347042&#8243; button_text_color=&#8221;#FFFFFF&#8221; button_bg_color=&#8221;#E09900&#8243; button_border_color=&#8221;#E09900&#8243; button_font=&#8221;Roboto|800||on|||||&#8221; global_colors_info=&#8221;{}&#8221;][\/et_pb_button][\/et_pb_column][et_pb_column type=&#8221;1_3&#8243; _builder_version=&#8221;4.20.0&#8243; _module_preset=&#8221;default&#8221; global_colors_info=&#8221;{}&#8221;][et_pb_text _builder_version=&#8221;4.21.0&#8243; _module_preset=&#8221;5d2500c2-e3ba-4e6c-b2d0-b27b36465082&#8243; custom_margin=&#8221;||20px||false|false&#8221; global_colors_info=&#8221;{}&#8221;]<\/p>\n<h5>document d&#8217;information<\/h5>\n<p>[\/et_pb_text][et_pb_button button_url=&#8221;https:\/\/professionnel.pharmaciedetohannic.fr\/wp-content\/uploads\/2023\/06\/Courrier-veto.pdf&#8221; button_text=&#8221;t\u00e9l\u00e9charger&#8221; _builder_version=&#8221;4.21.0&#8243; _module_preset=&#8221;2226b16a-29be-4889-9ce9-52f719347042&#8243; button_text_color=&#8221;#FFFFFF&#8221; button_bg_color=&#8221;#E09900&#8243; button_border_color=&#8221;#E09900&#8243; button_font=&#8221;Roboto|800||on|||||&#8221; global_colors_info=&#8221;{}&#8221;][\/et_pb_button][\/et_pb_column][\/et_pb_row][\/et_pb_section][et_pb_section fb_built=&#8221;1&#8243; admin_label=&#8221;Footer&#8221; _builder_version=&#8221;4.20.0&#8243; _module_preset=&#8221;default&#8221; use_background_color_gradient=&#8221;on&#8221; background_color_gradient_stops=&#8221;#1e232b 0%|rgba(30,35,43,0.9) 100%&#8221; background_color_gradient_overlays_image=&#8221;on&#8221; background_image=&#8221;https:\/\/professionnel.pharmaciedetohannic.fr\/wp-content\/uploads\/2023\/06\/paper-texture.jpg&#8221; saved_tabs=&#8221;all&#8221; locked=&#8221;off&#8221; collapsed=&#8221;on&#8221; global_colors_info=&#8221;{}&#8221;][et_pb_row column_structure=&#8221;1_3,1_3,1_3&#8243; _builder_version=&#8221;4.20.0&#8243; _module_preset=&#8221;default&#8221; global_colors_info=&#8221;{}&#8221;][et_pb_column type=&#8221;1_3&#8243; _builder_version=&#8221;4.20.0&#8243; _module_preset=&#8221;default&#8221; global_colors_info=&#8221;{}&#8221;][et_pb_text _builder_version=&#8221;4.21.0&#8243; _module_preset=&#8221;a4df29cc-c9a0-4987-84d1-1a9d9994f0ab&#8221; header_4_font=&#8221;Roboto|700||on|||||&#8221; header_4_text_color=&#8221;#E09900&#8243; text_orientation=&#8221;center&#8221; global_colors_info=&#8221;{}&#8221;]<\/p>\n<h4>NOS HORAIRES<\/h4>\n<p>[\/et_pb_text][et_pb_text _builder_version=&#8221;4.21.0&#8243; _module_preset=&#8221;99a2db5e-f42b-4c27-8588-e4ee12bfb6f6&#8243; text_text_color=&#8221;#FFFFFF&#8221; text_orientation=&#8221;center&#8221; custom_margin=&#8221;||10px||false|false&#8221; global_colors_info=&#8221;{}&#8221;]<\/p>\n<p>Du lundi au vendredi<\/p>\n<p>[\/et_pb_text][et_pb_text _builder_version=&#8221;4.21.0&#8243; _module_preset=&#8221;99a2db5e-f42b-4c27-8588-e4ee12bfb6f6&#8243; text_text_color=&#8221;#FFFFFF&#8221; text_orientation=&#8221;center&#8221; custom_margin=&#8221;||10px||false|false&#8221; global_colors_info=&#8221;{}&#8221;]<\/p>\n<p>de 9h \u00e0 17h<\/p>\n<p>[\/et_pb_text][\/et_pb_column][et_pb_column type=&#8221;1_3&#8243; _builder_version=&#8221;4.20.0&#8243; _module_preset=&#8221;default&#8221; global_colors_info=&#8221;{}&#8221;][et_pb_image src=&#8221;https:\/\/professionnel.pharmaciedetohannic.fr\/wp-content\/uploads\/2023\/06\/logo-pharmacie-tohannic.png&#8221; title_text=&#8221;logo-pharmacie-tohannic&#8221; align=&#8221;center&#8221; _builder_version=&#8221;4.21.0&#8243; _module_preset=&#8221;default&#8221; max_height=&#8221;80px&#8221; global_colors_info=&#8221;{}&#8221;][\/et_pb_image][et_pb_text _builder_version=&#8221;4.21.0&#8243; _module_preset=&#8221;99a2db5e-f42b-4c27-8588-e4ee12bfb6f6&#8243; text_text_color=&#8221;#FFFFFF&#8221; text_orientation=&#8221;center&#8221; custom_margin=&#8221;||10px||false|false&#8221; global_colors_info=&#8221;{}&#8221;]<\/p>\n<p>7 RUE JEAN PERRIN<br \/>56000 VANNES<\/p>\n<p>[\/et_pb_text][\/et_pb_column][et_pb_column type=&#8221;1_3&#8243; _builder_version=&#8221;4.20.0&#8243; _module_preset=&#8221;default&#8221; global_colors_info=&#8221;{}&#8221;][et_pb_text _builder_version=&#8221;4.21.0&#8243; _module_preset=&#8221;a4df29cc-c9a0-4987-84d1-1a9d9994f0ab&#8221; header_text_color=&#8221;#E09900&#8243; header_4_font=&#8221;Roboto|700||on|||||&#8221; header_4_text_color=&#8221;#E09900&#8243; text_orientation=&#8221;center&#8221; locked=&#8221;off&#8221; global_colors_info=&#8221;{}&#8221;]<\/p>\n<h4>Contact Info<\/h4>\n<p>[\/et_pb_text][et_pb_text _builder_version=&#8221;4.21.0&#8243; _module_preset=&#8221;99a2db5e-f42b-4c27-8588-e4ee12bfb6f6&#8243; text_text_color=&#8221;#FFFFFF&#8221; link_text_color=&#8221;#FFFFFF&#8221; text_orientation=&#8221;center&#8221; locked=&#8221;off&#8221; global_colors_info=&#8221;{}&#8221;]<\/p>\n<p>commande@preparatoiredetohannic.fr<\/p>\n<p>[\/et_pb_text][et_pb_text _builder_version=&#8221;4.21.0&#8243; _module_preset=&#8221;99a2db5e-f42b-4c27-8588-e4ee12bfb6f6&#8243; text_text_color=&#8221;#FFFFFF&#8221; link_text_color=&#8221;#FFFFFF&#8221; text_orientation=&#8221;center&#8221; custom_margin=&#8221;-22px||10px||false|false&#8221; locked=&#8221;off&#8221; global_colors_info=&#8221;{}&#8221;]<\/p>\n<p>Tel : 02 97 47 37 37<\/p>\n<p>[\/et_pb_text][et_pb_text _builder_version=&#8221;4.21.0&#8243; _module_preset=&#8221;99a2db5e-f42b-4c27-8588-e4ee12bfb6f6&#8243; text_text_color=&#8221;#FFFFFF&#8221; link_text_color=&#8221;#FFFFFF&#8221; text_orientation=&#8221;center&#8221; custom_margin=&#8221;||10px||false|false&#8221; custom_padding=&#8221;0px|||||&#8221; locked=&#8221;off&#8221; global_colors_info=&#8221;{}&#8221;]<\/p>\n<p>Fax : 02 97 47 62 48<\/p>\n<p>[\/et_pb_text][\/et_pb_column][\/et_pb_row][et_pb_row _builder_version=&#8221;4.20.0&#8243; _module_preset=&#8221;default&#8221; custom_padding=&#8221;0px||0px||true|&#8221; global_colors_info=&#8221;{}&#8221;][et_pb_column type=&#8221;4_4&#8243; _builder_version=&#8221;4.20.0&#8243; _module_preset=&#8221;default&#8221; global_colors_info=&#8221;{}&#8221;][et_pb_social_media_follow icon_color=&#8221;#000000&#8243; _builder_version=&#8221;4.21.0&#8243; _module_preset=&#8221;default&#8221; text_orientation=&#8221;center&#8221; custom_margin=&#8221;||||false|false&#8221; border_radii=&#8221;on|100px|100px|100px|100px&#8221; locked=&#8221;off&#8221; global_colors_info=&#8221;{}&#8221;][et_pb_social_media_follow_network social_network=&#8221;facebook&#8221; icon_color=&#8221;#FFFFFF&#8221; _builder_version=&#8221;4.21.0&#8243; _module_preset=&#8221;default&#8221; background_color=&#8221;#E09900&#8243; background_enable_color=&#8221;on&#8221; custom_padding=&#8221;8px|8px|8px|8px|true|true&#8221; global_colors_info=&#8221;{}&#8221; follow_button=&#8221;off&#8221; url_new_window=&#8221;on&#8221;]facebook[\/et_pb_social_media_follow_network][et_pb_social_media_follow_network social_network=&#8221;twitter&#8221; icon_color=&#8221;#FFFFFF&#8221; _builder_version=&#8221;4.21.0&#8243; _module_preset=&#8221;default&#8221; background_color=&#8221;#E09900&#8243; background_enable_color=&#8221;on&#8221; custom_padding=&#8221;8px|8px|8px|8px|true|true&#8221; global_colors_info=&#8221;{}&#8221; follow_button=&#8221;off&#8221; url_new_window=&#8221;on&#8221;]twitter[\/et_pb_social_media_follow_network][et_pb_social_media_follow_network social_network=&#8221;instagram&#8221; icon_color=&#8221;#FFFFFF&#8221; _builder_version=&#8221;4.21.0&#8243; _module_preset=&#8221;default&#8221; background_color=&#8221;#E09900&#8243; background_enable_color=&#8221;on&#8221; custom_padding=&#8221;8px|8px|8px|8px|true|true&#8221; global_colors_info=&#8221;{}&#8221; follow_button=&#8221;off&#8221; url_new_window=&#8221;on&#8221;]instagram[\/et_pb_social_media_follow_network][\/et_pb_social_media_follow][et_pb_divider color=&#8221;#FFFFFF&#8221; _builder_version=&#8221;4.21.0&#8243; _module_preset=&#8221;default&#8221; custom_margin=&#8221;||0px||false|false&#8221; global_colors_info=&#8221;{}&#8221;][\/et_pb_divider][\/et_pb_column][\/et_pb_row][\/et_pb_section]<\/p>\n","protected":false},"excerpt":{"rendered":"<p>pr\u00e9paration magistralev\u00e9t\u00e9rinairepourquoi le pr\u00e9paratoire de tohannic ?Nous r\u00e9alisons quotidiennement de nombreuses pr\u00e9parations \u00e0 usage v\u00e9t\u00e9rinaire et nous avons adapt\u00e9 notre savoir faire pour \u00eatre au plus pr\u00e8s des besoins de nos patients v\u00e9t\u00e9rinaires et des attentes de leurs prescripteurs.nos points fortsAvant chaque r\u00e9alisation, la posologie est contr\u00f4l\u00e9e gr\u00e2ce aux connaissances sp\u00e9cifiques de notre \u00e9quipe, ainsi [&hellip;]<\/p>\n","protected":false},"author":1,"featured_media":0,"parent":0,"menu_order":0,"comment_status":"closed","ping_status":"closed","template":"","meta":{"_et_pb_use_builder":"on","_et_pb_old_content":"<!-- wp:divi\/placeholder \/-->","_et_gb_content_width":"","footnotes":""},"class_list":["post-135","page","type-page","status-publish","hentry"],"_links":{"self":[{"href":"https:\/\/professionnel.pharmaciedetohannic.fr\/index.php\/wp-json\/wp\/v2\/pages\/135","targetHints":{"allow":["GET"]}}],"collection":[{"href":"https:\/\/professionnel.pharmaciedetohannic.fr\/index.php\/wp-json\/wp\/v2\/pages"}],"about":[{"href":"https:\/\/professionnel.pharmaciedetohannic.fr\/index.php\/wp-json\/wp\/v2\/types\/page"}],"author":[{"embeddable":true,"href":"https:\/\/professionnel.pharmaciedetohannic.fr\/index.php\/wp-json\/wp\/v2\/users\/1"}],"replies":[{"embeddable":true,"href":"https:\/\/professionnel.pharmaciedetohannic.fr\/index.php\/wp-json\/wp\/v2\/comments?post=135"}],"version-history":[{"count":13,"href":"https:\/\/professionnel.pharmaciedetohannic.fr\/index.php\/wp-json\/wp\/v2\/pages\/135\/revisions"}],"predecessor-version":[{"id":285,"href":"https:\/\/professionnel.pharmaciedetohannic.fr\/index.php\/wp-json\/wp\/v2\/pages\/135\/revisions\/285"}],"wp:attachment":[{"href":"https:\/\/professionnel.pharmaciedetohannic.fr\/index.php\/wp-json\/wp\/v2\/media?parent=135"}],"curies":[{"name":"wp","href":"https:\/\/api.w.org\/{rel}","templated":true}]}}